{"id":50,"date":"2023-10-10T18:14:49","date_gmt":"2023-10-10T16:14:49","guid":{"rendered":"https:\/\/somaphile.org\/?page_id=50"},"modified":"2025-10-14T14:46:54","modified_gmt":"2025-10-14T12:46:54","slug":"a-propos","status":"publish","type":"page","link":"https:\/\/somaphile.org\/?page_id=50","title":{"rendered":"\u00e0 propos"},"content":{"rendered":"\n<div class=\"wp-block-columns is-layout-flex wp-container-core-columns-is-layout-28f84493 wp-block-columns-is-layout-flex\">\n<div class=\"wp-block-column is-layout-flow wp-block-column-is-layout-flow\" style=\"flex-basis:100%\">\n<div class=\"wp-block-group has-global-padding is-layout-constrained wp-block-group-is-layout-constrained\">\n<div class=\"wp-block-columns is-layout-flex wp-container-core-columns-is-layout-28f84493 wp-block-columns-is-layout-flex\">\n<div class=\"wp-block-column is-layout-flow wp-block-column-is-layout-flow\" style=\"flex-basis:33.33%\">\n<figure class=\"wp-block-image size-full is-resized\"><img loading=\"lazy\" decoding=\"async\" width=\"219\" height=\"320\" src=\"http:\/\/somaphile.org\/wp-content\/uploads\/2023\/11\/IMG_2351.jpg\" alt=\"\" class=\"wp-image-54\" style=\"width:170px;height:auto\" srcset=\"https:\/\/somaphile.org\/wp-content\/uploads\/2023\/11\/IMG_2351.jpg 219w, https:\/\/somaphile.org\/wp-content\/uploads\/2023\/11\/IMG_2351-205x300.jpg 205w\" sizes=\"auto, (max-width: 219px) 100vw, 219px\" \/><\/figure>\n<\/div>\n\n\n\n<div class=\"wp-block-column is-layout-flow wp-block-column-is-layout-flow\" style=\"flex-basis:66.66%\">\n<p>Initialement issue d\u2019une formation en art (Licenci\u00e9e en Arts du spectacle et en Arts plastiques \u00e0 l\u2019universit\u00e9 de Strasbourg), Marie-Pan a exerc\u00e9 le m\u00e9tier de <strong>danseuse<\/strong>, pratiquant la composition instantan\u00e9e. Elle travaille principalement pour le projet TOUT EST PARFAIT m\u00ealant la danse, le cirque et la marionnette contemporaine pour les cr\u00e9ations de la s\u00e9rie des \u00ab\u00a0Sculptures Dans\u00e9es\u00a0\u00bb. Elle fut influenc\u00e9e dans son travail du mouvement au contact de Shahar Dor, Nita Little, Alice Godefroy et Joseph Kieffer.<\/p>\n<\/div>\n<\/div>\n<\/div>\n<\/div>\n<\/div>\n\n\n\n<p>En 2014 elle est certifi\u00e9 <strong>Yoga<\/strong> <strong>Alliance<\/strong> (500hrs) par l\u2019\u00e9cole NAADA YOGA \u00e0 Montr\u00e9al sous la direction d\u2019Elizabeth Emberly. Les professeurs qu\u2019elle y rencontre lui enseignent une approche du corps innovante et fondatrice dans son travail actuel sur<strong> le syst\u00e8me nerveux, la respiration et syst\u00e8me fascial<\/strong>. Elle y sera fort inspir\u00e9e par le travail de Judith Lasather, Richard Rosen, Mark Singleton et Ann Dyer. Elle enseigne le yoga depuis 2015.<\/p>\n\n\n\n<p>Parall\u00e8lement \u00e0 ces m\u00e9tiers, elle entreprend des \u00e9tudes et obtient une licence en <strong>biologie cellulaire, mol\u00e9culaire et physiologie<\/strong> \u00e0 l\u2019universit\u00e9 de Brest et en <strong>physiopathologie sp\u00e9cialit\u00e9 toxicologie<\/strong> \u00e0 l\u2019\u00e9cole STELIOR, coll\u00e8ge de chercheurs regroup\u00e9s sous la direction d\u2019Elke Arod \u00e0 Gen\u00e8ve en 2019 et 2021.<\/p>\n\n\n\n<p>Actuellement <strong>formatrice au sein de l\u2019organisme Somaphile<\/strong>, elle enseigne la physiologie en mouvement par l\u2019exploration du <strong>concept d\u2019hom\u00e9ostasie<\/strong>. Par le biais de l\u2019\u00e9tude des fonctions vitales et suivant la transversale de la <strong>r\u00e9gulation du syst\u00e8me nerveux autonome<\/strong>, elle construit une p\u00e9dagogie originale et profond\u00e9ment int\u00e9grative m\u00ealant notamment la pratique de la <strong>respiration<\/strong> , de la danse et du yoga avec des cours th\u00e9oriques et des ateliers d\u2018exp\u00e9rimentation \u00e0 des fins de <strong>pr\u00e9vention des risques pour les artistes du corps en mouvement.<\/strong><\/p>\n\n\n\n<p>Passionn\u00e9e de p\u00e9dagogie, elle a men\u00e9 une formation d&rsquo;\u00e9ducatrice en <strong>p\u00e9dagogie Montessori<\/strong> en 2010 et 2011 et travaill\u00e9 avec un menuisier \u00e0 l\u2019\u00e9laboration de mat\u00e9riel p\u00e9dagogique adapt\u00e9 \u00e0 diff\u00e9rents publics. <\/p>\n\n\n\n<p>Pr\u00e9occup\u00e9e par des questions de sant\u00e9 des femmes elle est formatrice dipl\u00f4m\u00e9e \u00e0 la <strong>m\u00e9thode des indices combin\u00e9s<\/strong> (contraception-observation-fertilit\u00e9)par le projet SENSIPLAN \u00e0 Bruxelles  et fut initi\u00e9e au <strong>self-help<\/strong> et \u00e0 la <strong>naturopathie<\/strong> par Rina Nissim.<\/p>\n\n\n\n<p><\/p>\n","protected":false},"excerpt":{"rendered":"<p>Initialement issue d\u2019une formation en art (Licenci\u00e9e en Arts du spectacle et en Arts plastiques \u00e0 l\u2019universit\u00e9 de Strasbourg), Marie-Pan a exerc\u00e9 le m\u00e9tier de danseuse, pratiquant la composition instantan\u00e9e. Elle travaille principalement pour le projet TOUT EST PARFAIT m\u00ealant la danse, le cirque et la marionnette contemporaine pour les cr\u00e9ations de la s\u00e9rie des [&hellip;]<\/p>\n","protected":false},"author":1,"featured_media":0,"parent":0,"menu_order":0,"comment_status":"closed","ping_status":"open","template":"","meta":{"footnotes":""},"class_list":["post-50","page","type-page","status-publish","hentry"],"_links":{"self":[{"href":"https:\/\/somaphile.org\/index.php?rest_route=\/wp\/v2\/pages\/50","targetHints":{"allow":["GET"]}}],"collection":[{"href":"https:\/\/somaphile.org\/index.php?rest_route=\/wp\/v2\/pages"}],"about":[{"href":"https:\/\/somaphile.org\/index.php?rest_route=\/wp\/v2\/types\/page"}],"author":[{"embeddable":true,"href":"https:\/\/somaphile.org\/index.php?rest_route=\/wp\/v2\/users\/1"}],"replies":[{"embeddable":true,"href":"https:\/\/somaphile.org\/index.php?rest_route=%2Fwp%2Fv2%2Fcomments&post=50"}],"version-history":[{"count":10,"href":"https:\/\/somaphile.org\/index.php?rest_route=\/wp\/v2\/pages\/50\/revisions"}],"predecessor-version":[{"id":410,"href":"https:\/\/somaphile.org\/index.php?rest_route=\/wp\/v2\/pages\/50\/revisions\/410"}],"wp:attachment":[{"href":"https:\/\/somaphile.org\/index.php?rest_route=%2Fwp%2Fv2%2Fmedia&parent=50"}],"curies":[{"name":"wp","href":"https:\/\/api.w.org\/{rel}","templated":true}]}}